{"id":1457,"date":"2019-04-11T07:59:18","date_gmt":"2019-04-11T07:59:18","guid":{"rendered":"http:\/\/zentrum-garage.ch\/images-operationnelles\/"},"modified":"2021-06-02T09:54:39","modified_gmt":"2021-06-02T09:54:39","slug":"images-operationnelles","status":"publish","type":"page","link":"https:\/\/zentrum-garage.ch\/fr\/images-operationnelles\/","title":{"rendered":"Images op\u00e9rationnelles"},"content":{"rendered":"\t\t<div data-elementor-type=\"wp-post\" data-elementor-id=\"1457\" class=\"elementor elementor-1457\">\n\t\t\t\t\t\t\t\t\t<section class=\"elementor-section elementor-top-section elementor-element elementor-element-4870975 elementor-section-boxed elementor-section-height-default elementor-section-height-default\" data-id=\"4870975\" data-element_type=\"section\">\n\t\t\t\t\t\t<div class=\"elementor-container elementor-column-gap-default\">\n\t\t\t\t\t<div class=\"elementor-column elementor-col-100 elementor-top-column elementor-element elementor-element-0c0d546\" data-id=\"0c0d546\" data-element_type=\"column\">\n\t\t\t<div class=\"elementor-widget-wrap elementor-element-populated\">\n\t\t\t\t\t\t\t\t<div class=\"elementor-element elementor-element-b906cbe elementor-widget elementor-widget-image-gallery\" data-id=\"b906cbe\" data-element_type=\"widget\" data-widget_type=\"image-gallery.default\">\n\t\t\t\t<div class=\"elementor-widget-container\">\n\t\t\t\t\t<div class=\"elementor-image-gallery\">\n\t\t\t<div id='gallery-1' class='gallery galleryid-1457 gallery-columns-4 gallery-size-thumbnail'><figure class='gallery-item'>\n\t\t\t<div class='gallery-icon landscape'>\n\t\t\t\t<a data-elementor-open-lightbox=\"yes\" data-elementor-lightbox-slideshow=\"b906cbe\" data-elementor-lightbox-title=\"Photo de la demande AutoAssistance Walther\" data-e-action-hash=\"#elementor-action%3Aaction%3Dlightbox%26settings%3DeyJpZCI6MTQ1OCwidXJsIjoiaHR0cHM6XC9cL3plbnRydW0tZ2FyYWdlLmNoXC93cC1jb250ZW50XC91cGxvYWRzXC8yMDE5XC8wMlwvRm90by0xOC4wMi4xOS0xMS0zNi0yNC5qcGciLCJzbGlkZXNob3ciOiJiOTA2Y2JlIn0%3D\" href='https:\/\/zentrum-garage.ch\/wp-content\/uploads\/2019\/02\/Foto-18.02.19-11-36-24.jpg'><img loading=\"lazy\" decoding=\"async\" width=\"150\" height=\"150\" src=\"https:\/\/zentrum-garage.ch\/wp-content\/uploads\/2019\/02\/Foto-18.02.19-11-36-24-150x150.jpg\" class=\"attachment-thumbnail size-thumbnail\" alt=\"Photo de la demande AutoAssistance Walther\" \/><\/a>\n\t\t\t<\/div><\/figure><figure class='gallery-item'>\n\t\t\t<div class='gallery-icon landscape'>\n\t\t\t\t<a data-elementor-open-lightbox=\"yes\" data-elementor-lightbox-slideshow=\"b906cbe\" data-elementor-lightbox-title=\"Photo de la demande AutoAssistance Walther\" data-e-action-hash=\"#elementor-action%3Aaction%3Dlightbox%26settings%3DeyJpZCI6MTQ2MCwidXJsIjoiaHR0cHM6XC9cL3plbnRydW0tZ2FyYWdlLmNoXC93cC1jb250ZW50XC91cGxvYWRzXC8yMDE5XC8wMlwvRm90by0xOC4wMi4xOS0xMS0zNC00NC5qcGciLCJzbGlkZXNob3ciOiJiOTA2Y2JlIn0%3D\" href='https:\/\/zentrum-garage.ch\/wp-content\/uploads\/2019\/02\/Foto-18.02.19-11-34-44.jpg'><img loading=\"lazy\" decoding=\"async\" width=\"150\" height=\"150\" src=\"https:\/\/zentrum-garage.ch\/wp-content\/uploads\/2019\/02\/Foto-18.02.19-11-34-44-150x150.jpg\" class=\"attachment-thumbnail size-thumbnail\" alt=\"Photo de la demande AutoAssistance Walther\" \/><\/a>\n\t\t\t<\/div><\/figure><figure class='gallery-item'>\n\t\t\t<div class='gallery-icon landscape'>\n\t\t\t\t<a data-elementor-open-lightbox=\"yes\" data-elementor-lightbox-slideshow=\"b906cbe\" data-elementor-lightbox-title=\"Photo de la demande AutoAssistance Walther\" data-e-action-hash=\"#elementor-action%3Aaction%3Dlightbox%26settings%3DeyJpZCI6MTQ2MiwidXJsIjoiaHR0cHM6XC9cL3plbnRydW0tZ2FyYWdlLmNoXC93cC1jb250ZW50XC91cGxvYWRzXC8yMDE5XC8wMlwvRm90by0xOC4wMi4xOS0xMS00OS01MC5qcGciLCJzbGlkZXNob3ciOiJiOTA2Y2JlIn0%3D\" href='https:\/\/zentrum-garage.ch\/wp-content\/uploads\/2019\/02\/Foto-18.02.19-11-49-50.jpg'><img loading=\"lazy\" decoding=\"async\" width=\"150\" height=\"150\" src=\"https:\/\/zentrum-garage.ch\/wp-content\/uploads\/2019\/02\/Foto-18.02.19-11-49-50-150x150.jpg\" class=\"attachment-thumbnail size-thumbnail\" alt=\"Photo de la demande AutoAssistance Walther\" \/><\/a>\n\t\t\t<\/div><\/figure><figure class='gallery-item'>\n\t\t\t<div class='gallery-icon landscape'>\n\t\t\t\t<a data-elementor-open-lightbox=\"yes\" data-elementor-lightbox-slideshow=\"b906cbe\" data-elementor-lightbox-title=\"Photo de la demande AutoAssistance Walther\" data-e-action-hash=\"#elementor-action%3Aaction%3Dlightbox%26settings%3DeyJpZCI6MTQ2NCwidXJsIjoiaHR0cHM6XC9cL3plbnRydW0tZ2FyYWdlLmNoXC93cC1jb250ZW50XC91cGxvYWRzXC8yMDE4XC8wOFwvRm90by0wMi4wOC4xOC0xMy0zNy0xMi5qcGciLCJzbGlkZXNob3ciOiJiOTA2Y2JlIn0%3D\" href='https:\/\/zentrum-garage.ch\/wp-content\/uploads\/2018\/08\/Foto-02.08.18-13-37-12.jpg'><img loading=\"lazy\" decoding=\"async\" width=\"150\" height=\"150\" src=\"https:\/\/zentrum-garage.ch\/wp-content\/uploads\/2018\/08\/Foto-02.08.18-13-37-12-150x150.jpg\" class=\"attachment-thumbnail size-thumbnail\" alt=\"Zentrum-Garage D\u00fcdingen \/ AutoAssistance Walther_Bergung in D\u00fcdingen\" \/><\/a>\n\t\t\t<\/div><\/figure><figure class='gallery-item'>\n\t\t\t<div class='gallery-icon landscape'>\n\t\t\t\t<a data-elementor-open-lightbox=\"yes\" data-elementor-lightbox-slideshow=\"b906cbe\" data-elementor-lightbox-title=\"Sch\u00e9ma d&#039;application de l&#039;AutoAssistance\" data-e-action-hash=\"#elementor-action%3Aaction%3Dlightbox%26settings%3DeyJpZCI6MTQ2NiwidXJsIjoiaHR0cHM6XC9cL3plbnRydW0tZ2FyYWdlLmNoXC93cC1jb250ZW50XC91cGxvYWRzXC8yMDE4XC8wOFwvRm90by0wMy4wOC4xOC0xMS01NC0xNC5qcGciLCJzbGlkZXNob3ciOiJiOTA2Y2JlIn0%3D\" href='https:\/\/zentrum-garage.ch\/wp-content\/uploads\/2018\/08\/Foto-03.08.18-11-54-14.jpg'><img loading=\"lazy\" decoding=\"async\" width=\"150\" height=\"150\" src=\"https:\/\/zentrum-garage.ch\/wp-content\/uploads\/2018\/08\/Foto-03.08.18-11-54-14-150x150.jpg\" class=\"attachment-thumbnail size-thumbnail\" alt=\"Zentrum-Garage D\u00fcdingen \/ AutoAssistance Walther_Bergung\" \/><\/a>\n\t\t\t<\/div><\/figure><figure class='gallery-item'>\n\t\t\t<div class='gallery-icon landscape'>\n\t\t\t\t<a data-elementor-open-lightbox=\"yes\" data-elementor-lightbox-slideshow=\"b906cbe\" data-elementor-lightbox-title=\"Le rond-point des Tafers d&#039;AutoAssistance\" data-e-action-hash=\"#elementor-action%3Aaction%3Dlightbox%26settings%3DeyJpZCI6MTQ2OCwidXJsIjoiaHR0cHM6XC9cL3plbnRydW0tZ2FyYWdlLmNoXC93cC1jb250ZW50XC91cGxvYWRzXC8yMDE4XC8wN1wvVGFmZXJzLUtyZWlzZWwucG5nIiwic2xpZGVzaG93IjoiYjkwNmNiZSJ9\" href='https:\/\/zentrum-garage.ch\/wp-content\/uploads\/2018\/07\/Tafers-Kreisel.png'><img loading=\"lazy\" decoding=\"async\" width=\"150\" height=\"150\" src=\"https:\/\/zentrum-garage.ch\/wp-content\/uploads\/2018\/07\/Tafers-Kreisel-150x150.png\" class=\"attachment-thumbnail size-thumbnail\" alt=\"Zentrum-Garage D\u00fcdingen \/ AutoAssistance Walther_Bergung in Tafers\" \/><\/a>\n\t\t\t<\/div><\/figure><figure class='gallery-item'>\n\t\t\t<div class='gallery-icon portrait'>\n\t\t\t\t<a data-elementor-open-lightbox=\"yes\" data-elementor-lightbox-slideshow=\"b906cbe\" data-elementor-lightbox-title=\"V dans la neige\" data-e-action-hash=\"#elementor-action%3Aaction%3Dlightbox%26settings%3DeyJpZCI6MTQ3MCwidXJsIjoiaHR0cHM6XC9cL3plbnRydW0tZ2FyYWdlLmNoXC93cC1jb250ZW50XC91cGxvYWRzXC8yMDE4XC8wN1wvRlotaW4tU2NobmVlLmpwZyIsInNsaWRlc2hvdyI6ImI5MDZjYmUifQ%3D%3D\" href='https:\/\/zentrum-garage.ch\/wp-content\/uploads\/2018\/07\/FZ-in-Schnee.jpg'><img loading=\"lazy\" decoding=\"async\" width=\"150\" height=\"150\" src=\"https:\/\/zentrum-garage.ch\/wp-content\/uploads\/2018\/07\/FZ-in-Schnee-150x150.jpg\" class=\"attachment-thumbnail size-thumbnail\" alt=\"Zentrum-Garage D\u00fcdingen \/ AutoAssistance Walther\" \/><\/a>\n\t\t\t<\/div><\/figure><figure class='gallery-item'>\n\t\t\t<div class='gallery-icon landscape'>\n\t\t\t\t<a data-elementor-open-lightbox=\"yes\" data-elementor-lightbox-slideshow=\"b906cbe\" data-elementor-lightbox-title=\"aa_einsatzbi_unfall1\" data-e-action-hash=\"#elementor-action%3Aaction%3Dlightbox%26settings%3DeyJpZCI6MTQ3MiwidXJsIjoiaHR0cHM6XC9cL3plbnRydW0tZ2FyYWdlLmNoXC93cC1jb250ZW50XC91cGxvYWRzXC8yMDE4XC8wNVwvYWFfZWluc2F0emJpX3VuZmFsbDEuanBnIiwic2xpZGVzaG93IjoiYjkwNmNiZSJ9\" href='https:\/\/zentrum-garage.ch\/wp-content\/uploads\/2018\/05\/aa_einsatzbi_unfall1.jpg'><img loading=\"lazy\" decoding=\"async\" width=\"150\" height=\"150\" src=\"https:\/\/zentrum-garage.ch\/wp-content\/uploads\/2018\/05\/aa_einsatzbi_unfall1-150x150.jpg\" class=\"attachment-thumbnail size-thumbnail\" alt=\"Zentrum-Garage D\u00fcdingen \/ AutoAssistance Walther\" srcset=\"https:\/\/zentrum-garage.ch\/wp-content\/uploads\/2018\/05\/aa_einsatzbi_unfall1-150x150.jpg 150w, https:\/\/zentrum-garage.ch\/wp-content\/uploads\/2018\/05\/aa_einsatzbi_unfall1-100x100.jpg 100w\" sizes=\"(max-width: 150px) 100vw, 150px\" \/><\/a>\n\t\t\t<\/div><\/figure><figure class='gallery-item'>\n\t\t\t<div class='gallery-icon landscape'>\n\t\t\t\t<a data-elementor-open-lightbox=\"yes\" data-elementor-lightbox-slideshow=\"b906cbe\" data-elementor-lightbox-title=\"aa_einsatzbi_unfall3\" data-e-action-hash=\"#elementor-action%3Aaction%3Dlightbox%26settings%3DeyJpZCI6MTQ3NCwidXJsIjoiaHR0cHM6XC9cL3plbnRydW0tZ2FyYWdlLmNoXC93cC1jb250ZW50XC91cGxvYWRzXC8yMDE4XC8wNVwvYWFfZWluc2F0emJpX3VuZmFsbDMuanBnIiwic2xpZGVzaG93IjoiYjkwNmNiZSJ9\" href='https:\/\/zentrum-garage.ch\/wp-content\/uploads\/2018\/05\/aa_einsatzbi_unfall3.jpg'><img loading=\"lazy\" decoding=\"async\" width=\"150\" height=\"150\" src=\"https:\/\/zentrum-garage.ch\/wp-content\/uploads\/2018\/05\/aa_einsatzbi_unfall3-150x150.jpg\" class=\"attachment-thumbnail size-thumbnail\" alt=\"Zentrum-Garage D\u00fcdingen \/ AutoAssistance Walther\" srcset=\"https:\/\/zentrum-garage.ch\/wp-content\/uploads\/2018\/05\/aa_einsatzbi_unfall3-150x150.jpg 150w, https:\/\/zentrum-garage.ch\/wp-content\/uploads\/2018\/05\/aa_einsatzbi_unfall3-100x100.jpg 100w\" sizes=\"(max-width: 150px) 100vw, 150px\" \/><\/a>\n\t\t\t<\/div><\/figure><figure class='gallery-item'>\n\t\t\t<div class='gallery-icon landscape'>\n\t\t\t\t<a data-elementor-open-lightbox=\"yes\" data-elementor-lightbox-slideshow=\"b906cbe\" data-elementor-lightbox-title=\"aa_einsatzbi_unfall4\" data-e-action-hash=\"#elementor-action%3Aaction%3Dlightbox%26settings%3DeyJpZCI6MTQ3NiwidXJsIjoiaHR0cHM6XC9cL3plbnRydW0tZ2FyYWdlLmNoXC93cC1jb250ZW50XC91cGxvYWRzXC8yMDE4XC8wNVwvYWFfZWluc2F0emJpX3VuZmFsbDQuanBnIiwic2xpZGVzaG93IjoiYjkwNmNiZSJ9\" href='https:\/\/zentrum-garage.ch\/wp-content\/uploads\/2018\/05\/aa_einsatzbi_unfall4.jpg'><img loading=\"lazy\" decoding=\"async\" width=\"150\" height=\"150\" src=\"https:\/\/zentrum-garage.ch\/wp-content\/uploads\/2018\/05\/aa_einsatzbi_unfall4-150x150.jpg\" class=\"attachment-thumbnail size-thumbnail\" alt=\"Zentrum-Garage D\u00fcdingen \/ AutoAssistance Walther\" srcset=\"https:\/\/zentrum-garage.ch\/wp-content\/uploads\/2018\/05\/aa_einsatzbi_unfall4-150x150.jpg 150w, https:\/\/zentrum-garage.ch\/wp-content\/uploads\/2018\/05\/aa_einsatzbi_unfall4-100x100.jpg 100w\" sizes=\"(max-width: 150px) 100vw, 150px\" \/><\/a>\n\t\t\t<\/div><\/figure><figure class='gallery-item'>\n\t\t\t<div class='gallery-icon landscape'>\n\t\t\t\t<a data-elementor-open-lightbox=\"yes\" data-elementor-lightbox-slideshow=\"b906cbe\" data-elementor-lightbox-title=\"Tracteur de r\u00e9cup\u00e9ration\" data-e-action-hash=\"#elementor-action%3Aaction%3Dlightbox%26settings%3DeyJpZCI6MTQ3OCwidXJsIjoiaHR0cHM6XC9cL3plbnRydW0tZ2FyYWdlLmNoXC93cC1jb250ZW50XC91cGxvYWRzXC8yMDE4XC8wNVwvQmVyZ3VuZy1UcmFrdG9yLmpwZyIsInNsaWRlc2hvdyI6ImI5MDZjYmUifQ%3D%3D\" href='https:\/\/zentrum-garage.ch\/wp-content\/uploads\/2018\/05\/Bergung-Traktor.jpg'><img loading=\"lazy\" decoding=\"async\" width=\"150\" height=\"150\" src=\"https:\/\/zentrum-garage.ch\/wp-content\/uploads\/2018\/05\/Bergung-Traktor-150x150.jpg\" class=\"attachment-thumbnail size-thumbnail\" alt=\"Zentrum-Garage D\u00fcdingen \/ AutoAssistance Walther\" srcset=\"https:\/\/zentrum-garage.ch\/wp-content\/uploads\/2018\/05\/Bergung-Traktor-150x150.jpg 150w, https:\/\/zentrum-garage.ch\/wp-content\/uploads\/2018\/05\/Bergung-Traktor-100x100.jpg 100w\" sizes=\"(max-width: 150px) 100vw, 150px\" \/><\/a>\n\t\t\t<\/div><\/figure><figure class='gallery-item'>\n\t\t\t<div class='gallery-icon landscape'>\n\t\t\t\t<a data-elementor-open-lightbox=\"yes\" data-elementor-lightbox-slideshow=\"b906cbe\" data-elementor-lightbox-title=\"BMW\" data-e-action-hash=\"#elementor-action%3Aaction%3Dlightbox%26settings%3DeyJpZCI6MTQ4MCwidXJsIjoiaHR0cHM6XC9cL3plbnRydW0tZ2FyYWdlLmNoXC93cC1jb250ZW50XC91cGxvYWRzXC8yMDE4XC8wNVwvQk1XLmpwZyIsInNsaWRlc2hvdyI6ImI5MDZjYmUifQ%3D%3D\" data-elementor-lightbox-description=\"http:\/\/zentrum4.cyon.link\/wp-content\/uploads\/2018\/05\/cropped-ZGW_Logo_neg_weiss_schwarz.png\" href='https:\/\/zentrum-garage.ch\/wp-content\/uploads\/2018\/05\/BMW.jpg'><img loading=\"lazy\" decoding=\"async\" width=\"150\" height=\"150\" src=\"https:\/\/zentrum-garage.ch\/wp-content\/uploads\/2018\/05\/BMW-150x150.jpg\" class=\"attachment-thumbnail size-thumbnail\" alt=\"Zentrum-Garage D\u00fcdingen \/ AutoAssistance Walther\" srcset=\"https:\/\/zentrum-garage.ch\/wp-content\/uploads\/2018\/05\/BMW-150x150.jpg 150w, https:\/\/zentrum-garage.ch\/wp-content\/uploads\/2018\/05\/BMW-100x100.jpg 100w\" sizes=\"(max-width: 150px) 100vw, 150px\" \/><\/a>\n\t\t\t<\/div><\/figure><figure class='gallery-item'>\n\t\t\t<div class='gallery-icon landscape'>\n\t\t\t\t<a data-elementor-open-lightbox=\"yes\" data-elementor-lightbox-slideshow=\"b906cbe\" data-elementor-lightbox-title=\"Photo de la demande Auto Assitance Walther\" data-e-action-hash=\"#elementor-action%3Aaction%3Dlightbox%26settings%3DeyJpZCI6MzMxMjksInVybCI6Imh0dHBzOlwvXC96ZW50cnVtLWdhcmFnZS5jaFwvd3AtY29udGVudFwvdXBsb2Fkc1wvMjAyMVwvMDJcL0Fzc2lzdGFuY2UuanBnIiwic2xpZGVzaG93IjoiYjkwNmNiZSJ9\" data-elementor-lightbox-description=\"http:\/\/zentrum4.cyon.link\/wp-content\/uploads\/2018\/05\/cropped-ZGW_Logo_neg_weiss_schwarz.png\" href='https:\/\/zentrum-garage.ch\/wp-content\/uploads\/2021\/02\/Assistance.jpg'><img loading=\"lazy\" decoding=\"async\" width=\"150\" height=\"150\" src=\"https:\/\/zentrum-garage.ch\/wp-content\/uploads\/2021\/02\/Assistance-150x150.jpg\" class=\"attachment-thumbnail size-thumbnail\" alt=\"Demande de camion de d\u00e9pannage\" srcset=\"https:\/\/zentrum-garage.ch\/wp-content\/uploads\/2021\/02\/Assistance-150x150.jpg 150w, https:\/\/zentrum-garage.ch\/wp-content\/uploads\/2021\/02\/Assistance-300x300.jpg 300w, https:\/\/zentrum-garage.ch\/wp-content\/uploads\/2021\/02\/Assistance-768x768.jpg 768w, https:\/\/zentrum-garage.ch\/wp-content\/uploads\/2021\/02\/Assistance-830x830.jpg 830w, https:\/\/zentrum-garage.ch\/wp-content\/uploads\/2021\/02\/Assistance-230x230.jpg 230w, https:\/\/zentrum-garage.ch\/wp-content\/uploads\/2021\/02\/Assistance-350x350.jpg 350w, https:\/\/zentrum-garage.ch\/wp-content\/uploads\/2021\/02\/Assistance-480x480.jpg 480w, https:\/\/zentrum-garage.ch\/wp-content\/uploads\/2021\/02\/Assistance.jpg 968w\" sizes=\"(max-width: 150px) 100vw, 150px\" \/><\/a>\n\t\t\t<\/div><\/figure><figure class='gallery-item'>\n\t\t\t<div class='gallery-icon landscape'>\n\t\t\t\t<a data-elementor-open-lightbox=\"yes\" data-elementor-lightbox-slideshow=\"b906cbe\" data-elementor-lightbox-title=\"Assistance 2\" data-e-action-hash=\"#elementor-action%3Aaction%3Dlightbox%26settings%3DeyJpZCI6MzMxMzQsInVybCI6Imh0dHBzOlwvXC96ZW50cnVtLWdhcmFnZS5jaFwvd3AtY29udGVudFwvdXBsb2Fkc1wvMjAyMVwvMDJcL0Fzc2lzdGFuY2UtMi5qcGciLCJzbGlkZXNob3ciOiJiOTA2Y2JlIn0%3D\" data-elementor-lightbox-description=\"http:\/\/zentrum4.cyon.link\/wp-content\/uploads\/2018\/05\/cropped-ZGW_Logo_neg_weiss_schwarz.png\" href='https:\/\/zentrum-garage.ch\/wp-content\/uploads\/2021\/02\/Assistance-2.jpg'><img loading=\"lazy\" decoding=\"async\" width=\"150\" height=\"150\" src=\"https:\/\/zentrum-garage.ch\/wp-content\/uploads\/2021\/02\/Assistance-2-150x150.jpg\" class=\"attachment-thumbnail size-thumbnail\" alt=\"\" \/><\/a>\n\t\t\t<\/div><\/figure><figure class='gallery-item'>\n\t\t\t<div class='gallery-icon portrait'>\n\t\t\t\t<a data-elementor-open-lightbox=\"yes\" data-elementor-lightbox-slideshow=\"b906cbe\" data-elementor-lightbox-title=\"R\u00e9cup\u00e9ration dans un ruisseau\" data-e-action-hash=\"#elementor-action%3Aaction%3Dlightbox%26settings%3DeyJpZCI6MzM2NTUsInVybCI6Imh0dHBzOlwvXC96ZW50cnVtLWdhcmFnZS5jaFwvd3AtY29udGVudFwvdXBsb2Fkc1wvMjAyMVwvMDZcLzEuanBnIiwic2xpZGVzaG93IjoiYjkwNmNiZSJ9\" data-elementor-lightbox-description=\"Le v\u00e9hicule est dans le ruisseau et est r\u00e9cup\u00e9r\u00e9 par AutoAssistance Walther.\" href='https:\/\/zentrum-garage.ch\/wp-content\/uploads\/2021\/06\/1.jpg'><img loading=\"lazy\" decoding=\"async\" width=\"150\" height=\"150\" src=\"https:\/\/zentrum-garage.ch\/wp-content\/uploads\/2021\/06\/1-150x150.jpg\" class=\"attachment-thumbnail size-thumbnail\" alt=\"R\u00e9cup\u00e9ration dans un ruisseau\" \/><\/a>\n\t\t\t<\/div><\/figure>\n\t\t<\/div>\n\t\t<\/div>\n\t\t\t\t<\/div>\n\t\t\t\t<\/div>\n\t\t\t\t\t<\/div>\n\t\t<\/div>\n\t\t\t\t\t\t\t<\/div>\n\t\t<\/section>\n\t\t\t\t\t\t\t<\/div>\n\t\t","protected":false},"excerpt":{"rendered":"","protected":false},"author":1,"featured_media":0,"parent":0,"menu_order":0,"comment_status":"closed","ping_status":"closed","template":"","meta":{"inline_featured_image":false,"footnotes":""},"aioseo_notices":[],"_links":{"self":[{"href":"https:\/\/zentrum-garage.ch\/fr\/wp-json\/wp\/v2\/pages\/1457"}],"collection":[{"href":"https:\/\/zentrum-garage.ch\/fr\/wp-json\/wp\/v2\/pages"}],"about":[{"href":"https:\/\/zentrum-garage.ch\/fr\/wp-json\/wp\/v2\/types\/page"}],"author":[{"embeddable":true,"href":"https:\/\/zentrum-garage.ch\/fr\/wp-json\/wp\/v2\/users\/1"}],"replies":[{"embeddable":true,"href":"https:\/\/zentrum-garage.ch\/fr\/wp-json\/wp\/v2\/comments?post=1457"}],"version-history":[{"count":10,"href":"https:\/\/zentrum-garage.ch\/fr\/wp-json\/wp\/v2\/pages\/1457\/revisions"}],"predecessor-version":[{"id":33663,"href":"https:\/\/zentrum-garage.ch\/fr\/wp-json\/wp\/v2\/pages\/1457\/revisions\/33663"}],"wp:attachment":[{"href":"https:\/\/zentrum-garage.ch\/fr\/wp-json\/wp\/v2\/media?parent=1457"}],"curies":[{"name":"wp","href":"https:\/\/api.w.org\/{rel}","templated":true}]}}