{"id":1483,"date":"2019-04-11T08:00:20","date_gmt":"2019-04-11T08:00:20","guid":{"rendered":"http:\/\/zentrum-garage.ch\/informations-pour-personnes-impliquees-dans-un-accident\/"},"modified":"2019-07-16T11:15:12","modified_gmt":"2019-07-16T11:15:12","slug":"informations-pour-personnes-impliquees-dans-un-accident","status":"publish","type":"page","link":"https:\/\/zentrum-garage.ch\/fr\/informations-pour-personnes-impliquees-dans-un-accident\/","title":{"rendered":"Informations pour personnes impliqu\u00e9es dans un accident"},"content":{"rendered":"\t\t<div data-elementor-type=\"wp-post\" data-elementor-id=\"1483\" class=\"elementor elementor-1483\">\n\t\t\t\t\t\t\t\t\t<section class=\"elementor-section elementor-top-section elementor-element elementor-element-bed6e61 elementor-section-boxed elementor-section-height-default elementor-section-height-default\" data-id=\"bed6e61\" data-element_type=\"section\">\n\t\t\t\t\t\t<div class=\"elementor-container elementor-column-gap-default\">\n\t\t\t\t\t<div class=\"elementor-column elementor-col-100 elementor-top-column elementor-element elementor-element-01c184c\" data-id=\"01c184c\" data-element_type=\"column\">\n\t\t\t<div class=\"elementor-widget-wrap elementor-element-populated\">\n\t\t\t\t\t\t\t\t<div class=\"elementor-element elementor-element-a7f6872 elementor-widget elementor-widget-text-editor\" data-id=\"a7f6872\" data-element_type=\"widget\" data-widget_type=\"text-editor.default\">\n\t\t\t\t<div class=\"elementor-widget-container\">\n\t\t\t\t\t\t\t<p>Un accident de la circulation n\u2019est par chance pas un \u00e9v\u00e9nement de tous les jours. Estimez-vous heureux si vous n\u2019avez aucune l\u00e9sion corporelle. En ce qui concerne le r\u00e8glement des d\u00e9g\u00e2ts au v\u00e9hicule et les questions d\u2019organisation y relatives, nous vous soutenons avec toute notre exp\u00e9rience. Pour une gestion du sinistre rapide et efficace ainsi que pour \u00e9viter les doublons, veuillez lire la brochure suivante.<\/p>\n\t\t\t\t\t\t<\/div>\n\t\t\t\t<\/div>\n\t\t\t\t<div class=\"elementor-element elementor-element-42dc358 elementor-position-left elementor-view-default elementor-mobile-position-top elementor-vertical-align-top elementor-widget elementor-widget-icon-box\" data-id=\"42dc358\" data-element_type=\"widget\" data-widget_type=\"icon-box.default\">\n\t\t\t\t<div class=\"elementor-widget-container\">\n\t\t\t\t\t<div class=\"elementor-icon-box-wrapper\">\n\t\t\t\t\t\t<div class=\"elementor-icon-box-icon\">\n\t\t\t\t<a href=\"http:\/\/zentrum-garage.ch\/wp-content\/uploads\/2019\/07\/Merkblatt-Unfallbeteiligte_20190716.pdf\" target=\"_blank\" class=\"elementor-icon elementor-animation-grow\" tabindex=\"-1\">\n\t\t\t\t<i class=\"fa fa-download\" aria-hidden=\"true\"><\/i>\t\t\t\t<\/a>\n\t\t\t<\/div>\n\t\t\t\t\t\t<div class=\"elementor-icon-box-content\">\n\t\t\t\t<div class=\"elementor-icon-box-title\">\n\t\t\t\t\t<a href=\"http:\/\/zentrum-garage.ch\/wp-content\/uploads\/2019\/07\/Merkblatt-Unfallbeteiligte_20190716.pdf\" target=\"_blank\" >\n\t\t\t\t\t\tNotice \u00ab Remarques et conseils en cas d\u2019accident \u00bb (PDF)\t\t\t\t\t<\/a>\n\t\t\t\t<\/div>\n\t\t\t\t\t\t\t\t\t<p class=\"elementor-icon-box-description\">\n\t\t\t\t\t\tNotice \u00ab Remarques et conseils en cas d\u2019accident \u00bb \u00e0 t\u00e9l\u00e9charger.\t\t\t\t\t<\/p>\n\t\t\t\t\t\t\t<\/div>\n\t\t<\/div>\n\t\t\t\t<\/div>\n\t\t\t\t<\/div>\n\t\t\t\t\t<\/div>\n\t\t<\/div>\n\t\t\t\t\t\t\t<\/div>\n\t\t<\/section>\n\t\t\t\t\t\t\t<\/div>\n\t\t","protected":false},"excerpt":{"rendered":"<p>Un accident de la circulation n\u2019est par chance pas un \u00e9v\u00e9nement de tous les jours. Estimez-vous heureux si vous n\u2019avez aucune l\u00e9sion corporelle. En ce qui concerne le r\u00e8glement des d\u00e9g\u00e2ts au v\u00e9hicule et les questions d\u2019organisation y relatives, nous vous soutenons avec toute notre exp\u00e9rience. Pour une gestion du sinistre rapide et efficace ainsi [&hellip;]<\/p>\n","protected":false},"author":1,"featured_media":0,"parent":0,"menu_order":0,"comment_status":"closed","ping_status":"closed","template":"","meta":{"inline_featured_image":false,"footnotes":""},"aioseo_notices":[],"_links":{"self":[{"href":"https:\/\/zentrum-garage.ch\/fr\/wp-json\/wp\/v2\/pages\/1483"}],"collection":[{"href":"https:\/\/zentrum-garage.ch\/fr\/wp-json\/wp\/v2\/pages"}],"about":[{"href":"https:\/\/zentrum-garage.ch\/fr\/wp-json\/wp\/v2\/types\/page"}],"author":[{"embeddable":true,"href":"https:\/\/zentrum-garage.ch\/fr\/wp-json\/wp\/v2\/users\/1"}],"replies":[{"embeddable":true,"href":"https:\/\/zentrum-garage.ch\/fr\/wp-json\/wp\/v2\/comments?post=1483"}],"version-history":[{"count":4,"href":"https:\/\/zentrum-garage.ch\/fr\/wp-json\/wp\/v2\/pages\/1483\/revisions"}],"predecessor-version":[{"id":1815,"href":"https:\/\/zentrum-garage.ch\/fr\/wp-json\/wp\/v2\/pages\/1483\/revisions\/1815"}],"wp:attachment":[{"href":"https:\/\/zentrum-garage.ch\/fr\/wp-json\/wp\/v2\/media?parent=1483"}],"curies":[{"name":"wp","href":"https:\/\/api.w.org\/{rel}","templated":true}]}}