{"id":1632,"date":"2019-04-15T09:50:13","date_gmt":"2019-04-15T09:50:13","guid":{"rendered":"http:\/\/zentrum-garage.ch\/mentions-legales\/"},"modified":"2025-10-29T21:25:16","modified_gmt":"2025-10-29T21:25:16","slug":"mentions-legales","status":"publish","type":"page","link":"https:\/\/zentrum-garage.ch\/fr\/mentions-legales\/","title":{"rendered":"Mentions l\u00e9gales"},"content":{"rendered":"\t\t<div data-elementor-type=\"wp-post\" data-elementor-id=\"1632\" class=\"elementor elementor-1632 elementor-307\">\n\t\t\t\t\t\t\t\t\t<section class=\"elementor-section elementor-top-section elementor-element elementor-element-1c27e1a6 elementor-section-full_width elementor-section-height-min-height elementor-section-stretched elementor-section-height-default elementor-section-items-middle\" data-id=\"1c27e1a6\" data-element_type=\"section\" data-settings=\"{&quot;stretch_section&quot;:&quot;section-stretched&quot;}\">\n\t\t\t\t\t\t\t<div class=\"elementor-background-overlay\"><\/div>\n\t\t\t\t\t\t\t<div class=\"elementor-container elementor-column-gap-default\">\n\t\t\t\t\t<div class=\"elementor-column elementor-col-100 elementor-top-column elementor-element elementor-element-7a30c54a\" data-id=\"7a30c54a\" data-element_type=\"column\">\n\t\t\t<div class=\"elementor-widget-wrap elementor-element-populated\">\n\t\t\t\t\t\t\t\t<div class=\"elementor-element elementor-element-35038a14 elementor-widget elementor-widget-menu-anchor\" data-id=\"35038a14\" data-element_type=\"widget\" data-widget_type=\"menu-anchor.default\">\n\t\t\t\t<div class=\"elementor-widget-container\">\n\t\t\t\t\t<div id=\"up\" class=\"elementor-menu-anchor\"><\/div>\n\t\t\t\t<\/div>\n\t\t\t\t<\/div>\n\t\t\t\t<div class=\"elementor-element elementor-element-6a3a7df0 elementor-widget__width-inherit elementor-widget elementor-widget-image\" data-id=\"6a3a7df0\" data-element_type=\"widget\" data-widget_type=\"image.default\">\n\t\t\t\t<div class=\"elementor-widget-container\">\n\t\t\t\t\t\t\t\t\t\t\t\t\t\t\t<img loading=\"lazy\" decoding=\"async\" width=\"1280\" height=\"630\" src=\"https:\/\/zentrum-garage.ch\/wp-content\/uploads\/2022\/03\/zgd_header_werkzeuge_impressum_1280x630.jpg\" class=\"attachment-full size-full wp-image-37602\" alt=\"Impressum Webseite Zentrum-Garage D\u00fcdingen AG\" srcset=\"https:\/\/zentrum-garage.ch\/wp-content\/uploads\/2022\/03\/zgd_header_werkzeuge_impressum_1280x630.jpg 1280w, https:\/\/zentrum-garage.ch\/wp-content\/uploads\/2022\/03\/zgd_header_werkzeuge_impressum_1280x630-300x148.jpg 300w, https:\/\/zentrum-garage.ch\/wp-content\/uploads\/2022\/03\/zgd_header_werkzeuge_impressum_1280x630-1024x504.jpg 1024w, https:\/\/zentrum-garage.ch\/wp-content\/uploads\/2022\/03\/zgd_header_werkzeuge_impressum_1280x630-768x378.jpg 768w, https:\/\/zentrum-garage.ch\/wp-content\/uploads\/2022\/03\/zgd_header_werkzeuge_impressum_1280x630-830x409.jpg 830w, https:\/\/zentrum-garage.ch\/wp-content\/uploads\/2022\/03\/zgd_header_werkzeuge_impressum_1280x630-230x113.jpg 230w, https:\/\/zentrum-garage.ch\/wp-content\/uploads\/2022\/03\/zgd_header_werkzeuge_impressum_1280x630-350x172.jpg 350w, https:\/\/zentrum-garage.ch\/wp-content\/uploads\/2022\/03\/zgd_header_werkzeuge_impressum_1280x630-480x236.jpg 480w\" sizes=\"(max-width: 1280px) 100vw, 1280px\" \/>\t\t\t\t\t\t\t\t\t\t\t\t\t\t\t<\/div>\n\t\t\t\t<\/div>\n\t\t\t\t\t<\/div>\n\t\t<\/div>\n\t\t\t\t\t\t\t<\/div>\n\t\t<\/section>\n\t\t\t\t<section class=\"elementor-section elementor-top-section elementor-element elementor-element-3034ade elementor-section-boxed elementor-section-height-default elementor-section-height-default\" data-id=\"3034ade\" data-element_type=\"section\">\n\t\t\t\t\t\t<div class=\"elementor-container elementor-column-gap-default\">\n\t\t\t\t\t<div class=\"elementor-column elementor-col-100 elementor-top-column elementor-element elementor-element-95020df\" data-id=\"95020df\" data-element_type=\"column\">\n\t\t\t<div class=\"elementor-widget-wrap elementor-element-populated\">\n\t\t\t\t\t\t\t\t<div class=\"elementor-element elementor-element-511234e elementor-widget elementor-widget-heading\" data-id=\"511234e\" data-element_type=\"widget\" data-widget_type=\"heading.default\">\n\t\t\t\t<div class=\"elementor-widget-container\">\n\t\t\t<h1 class=\"elementor-heading-title elementor-size-default\">Mentions l\u00e9gales<\/h1>\t\t<\/div>\n\t\t\t\t<\/div>\n\t\t\t\t\t<\/div>\n\t\t<\/div>\n\t\t\t\t\t\t\t<\/div>\n\t\t<\/section>\n\t\t\t\t<section class=\"elementor-section elementor-top-section elementor-element elementor-element-204d6b26 elementor-section-boxed elementor-section-height-default elementor-section-height-default\" data-id=\"204d6b26\" data-element_type=\"section\">\n\t\t\t\t\t\t<div class=\"elementor-container elementor-column-gap-default\">\n\t\t\t\t\t<div class=\"elementor-column elementor-col-100 elementor-top-column elementor-element elementor-element-143a799e\" data-id=\"143a799e\" data-element_type=\"column\">\n\t\t\t<div class=\"elementor-widget-wrap elementor-element-populated\">\n\t\t\t\t\t\t\t\t<div class=\"elementor-element elementor-element-7150c7a5 elementor-widget-divider--view-line_icon elementor-view-default elementor-widget-divider--element-align-center elementor-widget elementor-widget-divider\" data-id=\"7150c7a5\" data-element_type=\"widget\" data-widget_type=\"divider.default\">\n\t\t\t\t<div class=\"elementor-widget-container\">\n\t\t\t\t\t<div class=\"elementor-divider\">\n\t\t\t<span class=\"elementor-divider-separator\">\n\t\t\t\t\t\t\t<div class=\"elementor-icon elementor-divider__element\">\n\t\t\t\t\t<i aria-hidden=\"true\" class=\"fas fa-car\"><\/i><\/div>\n\t\t\t\t\t\t<\/span>\n\t\t<\/div>\n\t\t\t\t<\/div>\n\t\t\t\t<\/div>\n\t\t\t\t\t<\/div>\n\t\t<\/div>\n\t\t\t\t\t\t\t<\/div>\n\t\t<\/section>\n\t\t\t\t<section class=\"elementor-section elementor-top-section elementor-element elementor-element-8fd1afd elementor-section-boxed elementor-section-height-default elementor-section-height-default\" data-id=\"8fd1afd\" data-element_type=\"section\">\n\t\t\t\t\t\t<div class=\"elementor-container elementor-column-gap-default\">\n\t\t\t\t\t<div class=\"elementor-column elementor-col-100 elementor-top-column elementor-element elementor-element-6358eb4\" data-id=\"6358eb4\" data-element_type=\"column\">\n\t\t\t<div class=\"elementor-widget-wrap elementor-element-populated\">\n\t\t\t\t\t\t\t\t<div class=\"elementor-element elementor-element-1e3397b elementor-widget elementor-widget-heading\" data-id=\"1e3397b\" data-element_type=\"widget\" data-widget_type=\"heading.default\">\n\t\t\t\t<div class=\"elementor-widget-container\">\n\t\t\t<h5 class=\"elementor-heading-title elementor-size-default\">Contact<\/h5>\t\t<\/div>\n\t\t\t\t<\/div>\n\t\t\t\t\t<\/div>\n\t\t<\/div>\n\t\t\t\t\t\t\t<\/div>\n\t\t<\/section>\n\t\t\t\t<section class=\"elementor-section elementor-top-section elementor-element elementor-element-acbcd01 elementor-section-boxed elementor-section-height-default elementor-section-height-default\" data-id=\"acbcd01\" data-element_type=\"section\">\n\t\t\t\t\t\t<div class=\"elementor-container elementor-column-gap-default\">\n\t\t\t\t\t<div class=\"elementor-column elementor-col-100 elementor-top-column elementor-element elementor-element-768a815\" data-id=\"768a815\" data-element_type=\"column\">\n\t\t\t<div class=\"elementor-widget-wrap elementor-element-populated\">\n\t\t\t\t\t\t\t\t<div class=\"elementor-element elementor-element-d389216 elementor-widget elementor-widget-text-editor\" data-id=\"d389216\" data-element_type=\"widget\" data-widget_type=\"text-editor.default\">\n\t\t\t\t<div class=\"elementor-widget-container\">\n\t\t\t\t\t\t\t<p style=\"color: #000000;\"><span style=\"font-weight: 600;\">Adresse de contact<\/span><br>Zentrum-Garage D\u00fcdingen SA<br>Hauptstrasse 36 |&nbsp;D\u00fcdingen |&nbsp;Schweiz<\/p>\n<p style=\"color: #000000;\">E-Mail |&nbsp;Telefon 026 351 55 00<\/p>\n<p style=\"color: #000000;\"><span style=\"font-weight: 600;\">Personnes autoris\u00e9es \u00e0 repr\u00e9senter la soci\u00e9t\u00e9<\/span><br>Ernst-Peter Walther (co-directeur)<br>Nina Peter (co-directrice)<\/p>\n<p style=\"color: #000000;\"><span style=\"font-weight: 600;\">Inscription au registre du commerce<\/span><br>Nom de l&rsquo;entreprise enregistr\u00e9e : Zentrum-Garage D\u00fcdingen A.G.<br>Num\u00e9ro : CHE-189.025.930<br>Office du registre du commerce : Fribourg<\/p>\n<p style=\"color: #000000;\"><span style=\"font-weight: 600;\">Num\u00e9ro de TVA<\/span><br>CHE-189.025.930<\/p>\t\t\t\t\t\t<\/div>\n\t\t\t\t<\/div>\n\t\t\t\t\t<\/div>\n\t\t<\/div>\n\t\t\t\t\t\t\t<\/div>\n\t\t<\/section>\n\t\t\t\t<section class=\"elementor-section elementor-top-section elementor-element elementor-element-8da5f58 elementor-section-boxed elementor-section-height-default elementor-section-height-default\" data-id=\"8da5f58\" data-element_type=\"section\">\n\t\t\t\t\t\t<div class=\"elementor-container elementor-column-gap-default\">\n\t\t\t\t\t<div class=\"elementor-column elementor-col-100 elementor-top-column elementor-element elementor-element-e78c42e\" data-id=\"e78c42e\" data-element_type=\"column\">\n\t\t\t<div class=\"elementor-widget-wrap elementor-element-populated\">\n\t\t\t\t\t\t\t\t<div class=\"elementor-element elementor-element-b552a0d elementor-widget elementor-widget-heading\" data-id=\"b552a0d\" data-element_type=\"widget\" data-widget_type=\"heading.default\">\n\t\t\t\t<div class=\"elementor-widget-container\">\n\t\t\t<h5 class=\"elementor-heading-title elementor-size-default\">Clause de non-responsabilit\u00e9<\/h5>\t\t<\/div>\n\t\t\t\t<\/div>\n\t\t\t\t<div class=\"elementor-element elementor-element-f095b22 elementor-widget elementor-widget-text-editor\" data-id=\"f095b22\" data-element_type=\"widget\" data-widget_type=\"text-editor.default\">\n\t\t\t\t<div class=\"elementor-widget-container\">\n\t\t\t\t\t\t\t<p>L&rsquo;auteur n&rsquo;assume aucune responsabilit\u00e9 quant \u00e0 l&rsquo;exactitude, la pr\u00e9cision, l&rsquo;actualit\u00e9, la fiabilit\u00e9 et l&rsquo;exhaustivit\u00e9 du contenu des informations.<\/p>\n<p>L&rsquo;auteur ne saurait \u00eatre tenu pour responsable des dommages mat\u00e9riels ou immat\u00e9riels qui pourraient \u00eatre caus\u00e9s par l&rsquo;acc\u00e8s aux informations diffus\u00e9es ou par leur utilisation ou non-utilisation, par le mauvais usage de la connexion ou par des probl\u00e8mes techniques.<br \/>\nToutes les offres sont sans engagement. L&rsquo;auteur se r\u00e9serve express\u00e9ment le droit de modifier, de compl\u00e9ter ou de supprimer des parties de pages ou l&rsquo;ensemble de l&rsquo;offre sans avis pr\u00e9alable, ou d&rsquo;en suspendre temporairement ou d\u00e9finitivement la publication.<\/p>\n<p>Responsabilit\u00e9 pour les liens<br \/>\nLes renvois et liens vers des sites web de tiers ne rel\u00e8vent pas de notre responsabilit\u00e9. Nous d\u00e9clinons toute responsabilit\u00e9 pour de tels sites web. L&rsquo;acc\u00e8s \u00e0 de tels sites et leur utilisation se font aux risques et p\u00e9rils de l&rsquo;utilisateur ou de l&rsquo;utilisatrice.<\/p>\n<p>Droits d&rsquo;auteur<br \/>\nLes droits d&rsquo;auteur et tous les autres droits relatifs aux contenus, images, photos ou autres fichiers pr\u00e9sents sur le site Internet appartiennent exclusivement \u00e0 l&rsquo;entreprise Zentrum-Garage D\u00fcdingen AG ou aux titulaires de droits sp\u00e9cialement cit\u00e9s. Pour la reproduction de tout \u00e9l\u00e9ment, l&rsquo;accord \u00e9crit des d\u00e9tenteurs des droits d&rsquo;auteur doit \u00eatre obtenu au pr\u00e9alable.<\/p>\n\t\t\t\t\t\t<\/div>\n\t\t\t\t<\/div>\n\t\t\t\t\t<\/div>\n\t\t<\/div>\n\t\t\t\t\t\t\t<\/div>\n\t\t<\/section>\n\t\t\t\t<section class=\"elementor-section elementor-top-section elementor-element elementor-element-cdbde43 elementor-section-boxed elementor-section-height-default elementor-section-height-default\" data-id=\"cdbde43\" data-element_type=\"section\">\n\t\t\t\t\t\t<div class=\"elementor-container elementor-column-gap-default\">\n\t\t\t\t\t<div class=\"elementor-column elementor-col-100 elementor-top-column elementor-element elementor-element-0519429\" data-id=\"0519429\" data-element_type=\"column\">\n\t\t\t<div class=\"elementor-widget-wrap elementor-element-populated\">\n\t\t\t\t\t\t\t\t<div class=\"elementor-element elementor-element-d09f89c elementor-widget elementor-widget-heading\" data-id=\"d09f89c\" data-element_type=\"widget\" data-widget_type=\"heading.default\">\n\t\t\t\t<div class=\"elementor-widget-container\">\n\t\t\t<h5 class=\"elementor-heading-title elementor-size-default\">Protection des donn\u00e9es<\/h5>\t\t<\/div>\n\t\t\t\t<\/div>\n\t\t\t\t<div class=\"elementor-element elementor-element-d66e9d3 elementor-widget elementor-widget-text-editor\" data-id=\"d66e9d3\" data-element_type=\"widget\" data-widget_type=\"text-editor.default\">\n\t\t\t\t<div class=\"elementor-widget-container\">\n\t\t\t\t\t\t\t<p>Conform\u00e9ment \u00e0 l&rsquo;article 13 de la Constitution f\u00e9d\u00e9rale et aux dispositions relatives \u00e0 la protection des donn\u00e9es de la Conf\u00e9d\u00e9ration (Loi sur la protection des donn\u00e9es, LPD), toute personne a droit \u00e0 la protection de sa sph\u00e8re priv\u00e9e ainsi qu&rsquo;\u00e0 la protection contre l&rsquo;usage abusif de ses donn\u00e9es personnelles. Nous respectons ces dispositions. Les donn\u00e9es personnelles sont trait\u00e9es de mani\u00e8re strictement confidentielle et ne sont ni vendues, ni transmises \u00e0 des tiers.<\/p>\n<p>En collaboration \u00e9troite avec notre fournisseur d&rsquo;h\u00e9bergement, nous nous effor\u00e7ons par tous les moyens de prot\u00e9ger les bases de donn\u00e9es contre les acc\u00e8s de tiers, les pertes, les abus ou la falsification. Lors de l&rsquo;acc\u00e8s \u00e0 nos sites web, les donn\u00e9es suivantes sont enregistr\u00e9es dans des fichiers journaux : adresse IP, date, heure, demande du navigateur et informations transmises \u00e0 titre g\u00e9n\u00e9ral au sujet du syst\u00e8me d&rsquo;exploitation resp. navigateur. Ces donn\u00e9es d&rsquo;utilisation constituent la base d&rsquo;\u00e9valuations statistiques anonymes, ce qui permet de d\u00e9gager des tendances \u00e0 partir desquelles nous pouvons am\u00e9liorer nos offres en cons\u00e9quence.<\/p>\n<p><strong>D\u00e9claration de protection des donn\u00e9es pour l&rsquo;utilisation des plugins Facebook (bouton \u00ab\u00a0J&rsquo;aime\u00a0\u00bb)<br \/>\n<\/strong>Sur nos pages sont int\u00e9gr\u00e9s des plugins du r\u00e9seau social Facebook, 1601 South California Avenue, Palo Alto, CA 94304, USA. Vous reconnaissez les plugins Facebook au logo Facebook ou au bouton \u00ab\u00a0Like\u00a0\u00bb (\u00ab\u00a0J&rsquo;aime\u00a0\u00bb) sur notre site. Vous trouverez un aper\u00e7u des plugins Facebook ici : http:\/\/developers.facebook.com\/docs\/plugins\/.<br \/>\nLorsque vous visitez nos pages, une connexion directe entre votre navigateur et le serveur Facebook est \u00e9tablie via le plugin. Facebook re\u00e7oit ainsi l&rsquo;information que vous avez visit\u00e9 notre site avec votre adresse IP. Si vous cliquez sur le bouton Facebook \u00ab\u00a0Like\u00a0\u00bb alors que vous \u00eates connect\u00e9 \u00e0 votre compte Facebook, vous pouvez lier le contenu de nos pages \u00e0 votre profil Facebook. Facebook peut ainsi attribuer la visite de nos pages \u00e0 votre compte d&rsquo;utilisateur. Nous attirons votre attention sur le fait qu&rsquo;en tant que fournisseur des pages, nous n&rsquo;avons pas connaissance du contenu des donn\u00e9es transmises ni de leur utilisation par Facebook. Vous trouverez de plus amples informations \u00e0 ce sujet dans la d\u00e9claration de protection des donn\u00e9es de facebook \u00e0 l&rsquo;adresse https:\/\/www.facebook.com\/about\/privacy\/.<br \/>\nSi vous ne souhaitez pas que Facebook puisse attribuer la visite de nos pages \u00e0 votre compte d&rsquo;utilisateur Facebook, veuillez vous d\u00e9connecter de votre compte d&rsquo;utilisateur Facebook.<\/p>\n<p>&nbsp;<\/p>\n<p><strong>D\u00e9claration de protection des donn\u00e9es pour l&rsquo;utilisation de Google Analytics<\/strong><br \/>\nCe site web utilise Google Analytics, un service d&rsquo;analyse web de Google Inc (\u00ab\u00a0Google\u00a0\u00bb). Google Analytics utilise des \u00ab\u00a0cookies\u00a0\u00bb, des fichiers texte qui sont enregistr\u00e9s sur votre ordinateur et qui permettent d&rsquo;analyser votre utilisation du site web. Les informations g\u00e9n\u00e9r\u00e9es par le cookie concernant votre utilisation de ce site web sont g\u00e9n\u00e9ralement transmises \u00e0 un serveur de Google aux \u00c9tats-Unis et y sont enregistr\u00e9es. En cas d&rsquo;activation de l&rsquo;anonymisation IP sur ce site web, votre adresse IP sera toutefois abr\u00e9g\u00e9e au pr\u00e9alable par Google dans les \u00c9tats membres de l&rsquo;Union europ\u00e9enne ou dans d&rsquo;autres \u00c9tats signataires de l&rsquo;accord sur l&rsquo;Espace \u00e9conomique europ\u00e9en.<br \/>\nCe n&rsquo;est que dans des cas exceptionnels que l&rsquo;adresse IP compl\u00e8te est transmise \u00e0 un serveur de Google aux \u00c9tats-Unis et y est abr\u00e9g\u00e9e. Google utilisera cette information dans le but d&rsquo;\u00e9valuer votre utilisation du site, de compiler des rapports sur l&rsquo;activit\u00e9 du site \u00e0 destination de son \u00e9diteur et de fournir d&rsquo;autres services relatifs \u00e0 l&rsquo;activit\u00e9 du site et \u00e0 l&rsquo;utilisation d&rsquo;Internet. Le cas \u00e9ch\u00e9ant, Google transmettra \u00e9galement ces informations \u00e0 des tiers, dans la mesure o\u00f9 cela est prescrit par la loi ou si des tiers traitent ces donn\u00e9es pour le compte de Google. L&rsquo;adresse IP transmise par votre navigateur dans le cadre de Google Analytics n&rsquo;est pas recoup\u00e9e avec d&rsquo;autres donn\u00e9es de Google.<br \/>\nVous pouvez emp\u00eacher l&rsquo;installation des cookies en param\u00e9trant votre navigateur en cons\u00e9quence ; nous attirons toutefois votre attention sur le fait que, dans ce cas, vous ne pourrez peut-\u00eatre pas utiliser toutes les fonctions de ce site web dans leur int\u00e9gralit\u00e9. En utilisant ce site web, vous acceptez que les donn\u00e9es collect\u00e9es \u00e0 votre sujet par Google soient trait\u00e9es de la mani\u00e8re et aux fins d\u00e9crites ci-dessus.<\/p>\n\t\t\t\t\t\t<\/div>\n\t\t\t\t<\/div>\n\t\t\t\t\t<\/div>\n\t\t<\/div>\n\t\t\t\t\t\t\t<\/div>\n\t\t<\/section>\n\t\t\t\t<section class=\"elementor-section elementor-top-section elementor-element elementor-element-cc0921c elementor-section-boxed elementor-section-height-default elementor-section-height-default\" data-id=\"cc0921c\" data-element_type=\"section\">\n\t\t\t\t\t\t<div class=\"elementor-container elementor-column-gap-default\">\n\t\t\t\t\t<div class=\"elementor-column elementor-col-100 elementor-top-column elementor-element elementor-element-c34f395\" data-id=\"c34f395\" data-element_type=\"column\">\n\t\t\t<div class=\"elementor-widget-wrap elementor-element-populated\">\n\t\t\t\t\t\t\t\t<div class=\"elementor-element elementor-element-47a72c7 elementor-widget elementor-widget-text-editor\" data-id=\"47a72c7\" data-element_type=\"widget\" data-widget_type=\"text-editor.default\">\n\t\t\t\t<div class=\"elementor-widget-container\">\n\t\t\t\t\t\t\t<p><strong>Source<\/strong><br \/>\nCes mentions l\u00e9gales ont \u00e9t\u00e9 r\u00e9dig\u00e9es le 17.04.2018 avec le g\u00e9n\u00e9rateur de mentions l\u00e9gales http:\/\/www.bag.ch\/impressum-generator de l&rsquo;entreprise Brunner Medien AG \u00e0 Kriens. La soci\u00e9t\u00e9 Brunner Medien AG \u00e0 Kriens d\u00e9cline toute responsabilit\u00e9.<\/p>\n\t\t\t\t\t\t<\/div>\n\t\t\t\t<\/div>\n\t\t\t\t\t<\/div>\n\t\t<\/div>\n\t\t\t\t\t\t\t<\/div>\n\t\t<\/section>\n\t\t\t\t\t\t\t<\/div>\n\t\t","protected":false},"excerpt":{"rendered":"<p>Mentions l\u00e9gales Contact Adresse de contactZentrum-Garage D\u00fcdingen SAHauptstrasse 36 |&nbsp;D\u00fcdingen |&nbsp;Schweiz E-Mail |&nbsp;Telefon 026 351 55 00 Personnes autoris\u00e9es \u00e0 repr\u00e9senter la soci\u00e9t\u00e9Ernst-Peter Walther (co-directeur)Nina Peter (co-directrice) Inscription au registre du commerceNom de l&rsquo;entreprise enregistr\u00e9e : Zentrum-Garage D\u00fcdingen A.G.Num\u00e9ro : CHE-189.025.930Office du registre du commerce : Fribourg Num\u00e9ro de TVACHE-189.025.930 Clause de non-responsabilit\u00e9 L&rsquo;auteur n&rsquo;assume [&hellip;]<\/p>\n","protected":false},"author":1,"featured_media":0,"parent":0,"menu_order":1,"comment_status":"closed","ping_status":"closed","template":"","meta":{"inline_featured_image":false,"footnotes":""},"aioseo_notices":[],"_links":{"self":[{"href":"https:\/\/zentrum-garage.ch\/fr\/wp-json\/wp\/v2\/pages\/1632"}],"collection":[{"href":"https:\/\/zentrum-garage.ch\/fr\/wp-json\/wp\/v2\/pages"}],"about":[{"href":"https:\/\/zentrum-garage.ch\/fr\/wp-json\/wp\/v2\/types\/page"}],"author":[{"embeddable":true,"href":"https:\/\/zentrum-garage.ch\/fr\/wp-json\/wp\/v2\/users\/1"}],"replies":[{"embeddable":true,"href":"https:\/\/zentrum-garage.ch\/fr\/wp-json\/wp\/v2\/comments?post=1632"}],"version-history":[{"count":8,"href":"https:\/\/zentrum-garage.ch\/fr\/wp-json\/wp\/v2\/pages\/1632\/revisions"}],"predecessor-version":[{"id":40337,"href":"https:\/\/zentrum-garage.ch\/fr\/wp-json\/wp\/v2\/pages\/1632\/revisions\/40337"}],"wp:attachment":[{"href":"https:\/\/zentrum-garage.ch\/fr\/wp-json\/wp\/v2\/media?parent=1632"}],"curies":[{"name":"wp","href":"https:\/\/api.w.org\/{rel}","templated":true}]}}