{"id":33196,"date":"2021-02-24T14:06:49","date_gmt":"2021-02-24T14:06:49","guid":{"rendered":"https:\/\/zentrum-garage.ch\/?page_id=33196"},"modified":"2021-03-18T15:52:42","modified_gmt":"2021-03-18T15:52:42","slug":"specialiste-pour-toutes-les-marques","status":"publish","type":"page","link":"https:\/\/zentrum-garage.ch\/fr\/apercu-des-offres\/specialiste-pour-toutes-les-marques\/","title":{"rendered":"Sp\u00e9cialiste pour toutes les marques"},"content":{"rendered":"\t\t<div data-elementor-type=\"wp-page\" data-elementor-id=\"33196\" class=\"elementor elementor-33196\">\n\t\t\t\t\t\t\t\t\t<section class=\"elementor-section elementor-top-section elementor-element elementor-element-b74f1fb elementor-section-boxed elementor-section-height-default elementor-section-height-default\" data-id=\"b74f1fb\" data-element_type=\"section\">\n\t\t\t\t\t\t<div class=\"elementor-container elementor-column-gap-default\">\n\t\t\t\t\t<div class=\"elementor-column elementor-col-100 elementor-top-column elementor-element elementor-element-304ea40\" data-id=\"304ea40\" data-element_type=\"column\">\n\t\t\t<div class=\"elementor-widget-wrap elementor-element-populated\">\n\t\t\t\t\t\t\t\t<div class=\"elementor-element elementor-element-f2558ee elementor-widget elementor-widget-text-editor\" data-id=\"f2558ee\" data-element_type=\"widget\" data-widget_type=\"text-editor.default\">\n\t\t\t\t<div class=\"elementor-widget-container\">\n\t\t\t\t\t\t\t<p>Le Zentrum-Garage D\u00fcdingen AG est partenaire du concept multimarque Sympacar.<\/p><p>Quelle que soit la marque de votre v\u00e9hicule, nous vous proposons une large gamme de services pour votre v\u00e9hicule.<\/p><p>En tant que partenaire Sympacar, nous restons constamment \u00e0 jour avec nos connaissances sp\u00e9cialis\u00e9es par des formations et des perfectionnements dans tous les domaines de la technologie automobile. Vous pouvez donc \u00eatre s\u00fbr que les derniers d\u00e9veloppements techniques sont int\u00e9gr\u00e9s dans notre travail.<\/p><p>Mais pourquoi avons-nous choisi Sympacar et que signifie Sympacar ?<\/p><p>Comp\u00e9tence, orientation client et convivialit\u00e9 : voil\u00e0 ce que repr\u00e9sente sympacar. Cette ligne directrice est conforme \u00e0 l&rsquo;attitude fondamentale du Zentrum-Garage D\u00fcdingen et de toute l&rsquo;\u00e9quipe. Nous voulons offrir \u00e0 nos clients une solution de mobilit\u00e9 et fournir une assistance comp\u00e9tente et orient\u00e9e vers le client. Roulez donc serein<span style=\"font-family: var( --e-global-typography-text-font-family ), Sans-serif; font-weight: var( --e-global-typography-text-font-weight );\">\u00a0avec nous, quelle que soit la marque de votre voiture.<\/span><\/p>\t\t\t\t\t\t<\/div>\n\t\t\t\t<\/div>\n\t\t\t\t\t<\/div>\n\t\t<\/div>\n\t\t\t\t\t\t\t<\/div>\n\t\t<\/section>\n\t\t\t\t<section class=\"elementor-section elementor-top-section elementor-element elementor-element-4bb1bf5 elementor-section-boxed elementor-section-height-default elementor-section-height-default\" data-id=\"4bb1bf5\" data-element_type=\"section\">\n\t\t\t\t\t\t<div class=\"elementor-container elementor-column-gap-default\">\n\t\t\t\t\t<div class=\"elementor-column elementor-col-100 elementor-top-column elementor-element elementor-element-73ec73d\" data-id=\"73ec73d\" data-element_type=\"column\">\n\t\t\t<div class=\"elementor-widget-wrap elementor-element-populated\">\n\t\t\t\t\t\t\t\t<div class=\"elementor-element elementor-element-d90f49c elementor-widget elementor-widget-image\" data-id=\"d90f49c\" data-element_type=\"widget\" data-widget_type=\"image.default\">\n\t\t\t\t<div class=\"elementor-widget-container\">\n\t\t\t\t\t\t\t\t\t\t\t\t\t\t\t<img loading=\"lazy\" decoding=\"async\" width=\"300\" height=\"67\" src=\"https:\/\/zentrum-garage.ch\/wp-content\/uploads\/2021\/02\/sympacar-Logo-fuer-Verwendung-im-Word-oder-im-Internet-300x67.png\" class=\"attachment-medium size-medium wp-image-33208\" alt=\"Sympacar Logo\" srcset=\"https:\/\/zentrum-garage.ch\/wp-content\/uploads\/2021\/02\/sympacar-Logo-fuer-Verwendung-im-Word-oder-im-Internet-300x67.png 300w, https:\/\/zentrum-garage.ch\/wp-content\/uploads\/2021\/02\/sympacar-Logo-fuer-Verwendung-im-Word-oder-im-Internet-230x52.png 230w, https:\/\/zentrum-garage.ch\/wp-content\/uploads\/2021\/02\/sympacar-Logo-fuer-Verwendung-im-Word-oder-im-Internet-350x78.png 350w, https:\/\/zentrum-garage.ch\/wp-content\/uploads\/2021\/02\/sympacar-Logo-fuer-Verwendung-im-Word-oder-im-Internet-480x108.png 480w, https:\/\/zentrum-garage.ch\/wp-content\/uploads\/2021\/02\/sympacar-Logo-fuer-Verwendung-im-Word-oder-im-Internet.png 745w\" sizes=\"(max-width: 300px) 100vw, 300px\" \/>\t\t\t\t\t\t\t\t\t\t\t\t\t\t\t<\/div>\n\t\t\t\t<\/div>\n\t\t\t\t\t<\/div>\n\t\t<\/div>\n\t\t\t\t\t\t\t<\/div>\n\t\t<\/section>\n\t\t\t\t\t\t\t<\/div>\n\t\t","protected":false},"excerpt":{"rendered":"<p>Le Zentrum-Garage D\u00fcdingen AG est partenaire du concept multimarque Sympacar. Quelle que soit la marque de votre v\u00e9hicule, nous vous proposons une large gamme de services pour votre v\u00e9hicule. En tant que partenaire Sympacar, nous restons constamment \u00e0 jour avec nos connaissances sp\u00e9cialis\u00e9es par des formations et des perfectionnements dans tous les domaines de la [&hellip;]<\/p>\n","protected":false},"author":1,"featured_media":0,"parent":1420,"menu_order":0,"comment_status":"closed","ping_status":"closed","template":"","meta":{"inline_featured_image":false,"footnotes":""},"aioseo_notices":[],"_links":{"self":[{"href":"https:\/\/zentrum-garage.ch\/fr\/wp-json\/wp\/v2\/pages\/33196"}],"collection":[{"href":"https:\/\/zentrum-garage.ch\/fr\/wp-json\/wp\/v2\/pages"}],"about":[{"href":"https:\/\/zentrum-garage.ch\/fr\/wp-json\/wp\/v2\/types\/page"}],"author":[{"embeddable":true,"href":"https:\/\/zentrum-garage.ch\/fr\/wp-json\/wp\/v2\/users\/1"}],"replies":[{"embeddable":true,"href":"https:\/\/zentrum-garage.ch\/fr\/wp-json\/wp\/v2\/comments?post=33196"}],"version-history":[{"count":11,"href":"https:\/\/zentrum-garage.ch\/fr\/wp-json\/wp\/v2\/pages\/33196\/revisions"}],"predecessor-version":[{"id":33435,"href":"https:\/\/zentrum-garage.ch\/fr\/wp-json\/wp\/v2\/pages\/33196\/revisions\/33435"}],"up":[{"embeddable":true,"href":"https:\/\/zentrum-garage.ch\/fr\/wp-json\/wp\/v2\/pages\/1420"}],"wp:attachment":[{"href":"https:\/\/zentrum-garage.ch\/fr\/wp-json\/wp\/v2\/media?parent=33196"}],"curies":[{"name":"wp","href":"https:\/\/api.w.org\/{rel}","templated":true}]}}