{"id":33276,"date":"2021-03-01T16:32:27","date_gmt":"2021-03-01T16:32:27","guid":{"rendered":"https:\/\/zentrum-garage.ch\/apercu-des-offres\/vehicules-en-abonnement-2\/"},"modified":"2021-11-10T09:24:06","modified_gmt":"2021-11-10T09:24:06","slug":"vehicules-en-abonnement","status":"publish","type":"page","link":"https:\/\/zentrum-garage.ch\/fr\/vehicules-en-abonnement\/","title":{"rendered":"V\u00e9hicules en abonnement"},"content":{"rendered":"\t\t<div data-elementor-type=\"wp-page\" data-elementor-id=\"33276\" class=\"elementor elementor-33276\">\n\t\t\t\t\t\t\t\t\t<section class=\"elementor-section elementor-top-section elementor-element elementor-element-cc4dd19 elementor-section-boxed elementor-section-height-default elementor-section-height-default\" data-id=\"cc4dd19\" data-element_type=\"section\">\n\t\t\t\t\t\t<div class=\"elementor-container elementor-column-gap-default\">\n\t\t\t\t\t<div class=\"elementor-column elementor-col-100 elementor-top-column elementor-element elementor-element-e1248c0\" data-id=\"e1248c0\" data-element_type=\"column\">\n\t\t\t<div class=\"elementor-widget-wrap elementor-element-populated\">\n\t\t\t\t\t\t\t\t<div class=\"elementor-element elementor-element-10e9c87 elementor-widget elementor-widget-text-editor\" data-id=\"10e9c87\" data-element_type=\"widget\" data-widget_type=\"text-editor.default\">\n\t\t\t\t<div class=\"elementor-widget-container\">\n\t\t\t\t\t\t\t<p>Votre v\u00e9hicules en abonnement mensuel y compris l\u2019assurance, les taxes, l\u2019entretien et plus encore, le tout dans un prix mensuel fixe.<\/p><p>Aucuns v\u00e9hicules ne correspond \u00e0 vos crit\u00e8res de recherche ? C&rsquo;est avec plaisir que nous traiterons votre demande de fa\u00e7on individuelle.\u00a0<\/p>\t\t\t\t\t\t<\/div>\n\t\t\t\t<\/div>\n\t\t\t\t\t<\/div>\n\t\t<\/div>\n\t\t\t\t\t\t\t<\/div>\n\t\t<\/section>\n\t\t\t\t<section class=\"elementor-section elementor-top-section elementor-element elementor-element-c14cbe4 elementor-section-height-full elementor-section-items-top elementor-section-content-top elementor-section-boxed elementor-section-height-default\" data-id=\"c14cbe4\" data-element_type=\"section\">\n\t\t\t\t\t\t<div class=\"elementor-container elementor-column-gap-default\">\n\t\t\t\t\t<div class=\"elementor-column elementor-col-100 elementor-top-column elementor-element elementor-element-7d17d9f\" data-id=\"7d17d9f\" data-element_type=\"column\">\n\t\t\t<div class=\"elementor-widget-wrap elementor-element-populated\">\n\t\t\t\t\t\t\t\t<div class=\"elementor-element elementor-element-22b7af0 elementor-widget elementor-widget-html\" data-id=\"22b7af0\" data-element_type=\"widget\" data-widget_type=\"html.default\">\n\t\t\t\t<div class=\"elementor-widget-container\">\n\t\t\t<iframe \r\nstyle=\"border: 0; width: 100%; height: 1800px\" \r\n\r\nsrc=\"https:\/\/www.carify.com\/en\/dealer_page\/zentrum-garage-dudingen-ag?hide_frame=true\"> \r\n<\/iframe>\t\t<\/div>\n\t\t\t\t<\/div>\n\t\t\t\t\t<\/div>\n\t\t<\/div>\n\t\t\t\t\t\t\t<\/div>\n\t\t<\/section>\n\t\t\t\t\t\t\t<\/div>\n\t\t","protected":false},"excerpt":{"rendered":"<p>Votre v\u00e9hicules en abonnement mensuel y compris l\u2019assurance, les taxes, l\u2019entretien et plus encore, le tout dans un prix mensuel fixe. Aucuns v\u00e9hicules ne correspond \u00e0 vos crit\u00e8res de recherche ? C&rsquo;est avec plaisir que nous traiterons votre demande de fa\u00e7on individuelle.&nbsp;<\/p>\n","protected":false},"author":1,"featured_media":0,"parent":0,"menu_order":0,"comment_status":"closed","ping_status":"closed","template":"","meta":{"inline_featured_image":false,"footnotes":""},"aioseo_notices":[],"_links":{"self":[{"href":"https:\/\/zentrum-garage.ch\/fr\/wp-json\/wp\/v2\/pages\/33276"}],"collection":[{"href":"https:\/\/zentrum-garage.ch\/fr\/wp-json\/wp\/v2\/pages"}],"about":[{"href":"https:\/\/zentrum-garage.ch\/fr\/wp-json\/wp\/v2\/types\/page"}],"author":[{"embeddable":true,"href":"https:\/\/zentrum-garage.ch\/fr\/wp-json\/wp\/v2\/users\/1"}],"replies":[{"embeddable":true,"href":"https:\/\/zentrum-garage.ch\/fr\/wp-json\/wp\/v2\/comments?post=33276"}],"version-history":[{"count":9,"href":"https:\/\/zentrum-garage.ch\/fr\/wp-json\/wp\/v2\/pages\/33276\/revisions"}],"predecessor-version":[{"id":33848,"href":"https:\/\/zentrum-garage.ch\/fr\/wp-json\/wp\/v2\/pages\/33276\/revisions\/33848"}],"wp:attachment":[{"href":"https:\/\/zentrum-garage.ch\/fr\/wp-json\/wp\/v2\/media?parent=33276"}],"curies":[{"name":"wp","href":"https:\/\/api.w.org\/{rel}","templated":true}]}}