{"id":33454,"date":"2021-04-07T10:58:58","date_gmt":"2021-04-07T10:58:58","guid":{"rendered":"https:\/\/zentrum-garage.ch\/?page_id=33454"},"modified":"2021-04-09T09:40:33","modified_gmt":"2021-04-09T09:40:33","slug":"feedback-fr","status":"publish","type":"page","link":"https:\/\/zentrum-garage.ch\/fr\/feedback-fr\/","title":{"rendered":"Feedback"},"content":{"rendered":"\t\t<div data-elementor-type=\"wp-page\" data-elementor-id=\"33454\" class=\"elementor elementor-33454\">\n\t\t\t\t\t\t\t\t\t<section class=\"elementor-section elementor-top-section elementor-element elementor-element-d711532 elementor-section-boxed elementor-section-height-default elementor-section-height-default\" data-id=\"d711532\" data-element_type=\"section\">\n\t\t\t\t\t\t<div class=\"elementor-container elementor-column-gap-default\">\n\t\t\t\t\t<div class=\"elementor-column elementor-col-100 elementor-top-column elementor-element elementor-element-8343d89\" data-id=\"8343d89\" data-element_type=\"column\">\n\t\t\t<div class=\"elementor-widget-wrap elementor-element-populated\">\n\t\t\t\t\t\t\t\t<div class=\"elementor-element elementor-element-bcadc5d elementor-widget elementor-widget-image\" data-id=\"bcadc5d\" data-element_type=\"widget\" data-widget_type=\"image.default\">\n\t\t\t\t<div class=\"elementor-widget-container\">\n\t\t\t\t\t\t\t\t\t\t\t\t\t\t\t<img loading=\"lazy\" decoding=\"async\" width=\"230\" height=\"192\" src=\"https:\/\/zentrum-garage.ch\/wp-content\/uploads\/2021\/04\/herz-form_grau-230x192.png\" class=\"attachment-small-thumb size-small-thumb wp-image-33497\" alt=\"Mit Herzblut f\u00fcr Ihr Fahrzeug\" srcset=\"https:\/\/zentrum-garage.ch\/wp-content\/uploads\/2021\/04\/herz-form_grau-230x192.png 230w, https:\/\/zentrum-garage.ch\/wp-content\/uploads\/2021\/04\/herz-form_grau-300x251.png 300w, https:\/\/zentrum-garage.ch\/wp-content\/uploads\/2021\/04\/herz-form_grau-1024x855.png 1024w, https:\/\/zentrum-garage.ch\/wp-content\/uploads\/2021\/04\/herz-form_grau-768x642.png 768w, https:\/\/zentrum-garage.ch\/wp-content\/uploads\/2021\/04\/herz-form_grau-1536x1283.png 1536w, https:\/\/zentrum-garage.ch\/wp-content\/uploads\/2021\/04\/herz-form_grau-2048x1711.png 2048w, https:\/\/zentrum-garage.ch\/wp-content\/uploads\/2021\/04\/herz-form_grau-830x693.png 830w, https:\/\/zentrum-garage.ch\/wp-content\/uploads\/2021\/04\/herz-form_grau-350x292.png 350w, https:\/\/zentrum-garage.ch\/wp-content\/uploads\/2021\/04\/herz-form_grau-480x401.png 480w\" sizes=\"(max-width: 230px) 100vw, 230px\" \/>\t\t\t\t\t\t\t\t\t\t\t\t\t\t\t<\/div>\n\t\t\t\t<\/div>\n\t\t\t\t<div class=\"elementor-element elementor-element-27ceb4e elementor-widget elementor-widget-text-editor\" data-id=\"27ceb4e\" data-element_type=\"widget\" data-widget_type=\"text-editor.default\">\n\t\t\t\t<div class=\"elementor-widget-container\">\n\t\t\t\t\t\t\t<p>\u00cates-vous satisfait de notre service et de l\u2019entretien effectu\u00e9 sur votre v\u00e9hicule ? Y a-t-il quelque chose que vous avez toujours voulu nous dire ? Voyez-vous une potentielle am\u00e9lioration ?<br \/>La direction se r\u00e9jouis de recevoir vos remarques constructives (de mani\u00e8re anonyme ou non).<\/p>\t\t\t\t\t\t<\/div>\n\t\t\t\t<\/div>\n\t\t\t\t\t<\/div>\n\t\t<\/div>\n\t\t\t\t\t\t\t<\/div>\n\t\t<\/section>\n\t\t\t\t<section class=\"elementor-section elementor-top-section elementor-element elementor-element-5dcbfff elementor-section-boxed elementor-section-height-default elementor-section-height-default\" data-id=\"5dcbfff\" data-element_type=\"section\">\n\t\t\t\t\t\t<div class=\"elementor-container elementor-column-gap-default\">\n\t\t\t\t\t<div class=\"elementor-column elementor-col-100 elementor-top-column elementor-element elementor-element-c76e9d7\" data-id=\"c76e9d7\" data-element_type=\"column\">\n\t\t\t<div class=\"elementor-widget-wrap elementor-element-populated\">\n\t\t\t\t\t\t\t\t<div class=\"elementor-element elementor-element-80442c3 elementor-widget elementor-widget-shortcode\" data-id=\"80442c3\" data-element_type=\"widget\" data-widget_type=\"shortcode.default\">\n\t\t\t\t<div class=\"elementor-widget-container\">\n\t\t\t\t\t<div class=\"elementor-shortcode\">\n<div class=\"wpcf7 no-js\" id=\"wpcf7-f33403-o1\" lang=\"fr-FR\" dir=\"ltr\">\n<div class=\"screen-reader-response\"><p role=\"status\" aria-live=\"polite\" aria-atomic=\"true\"><\/p> <ul><\/ul><\/div>\n<form action=\"\/fr\/wp-json\/wp\/v2\/pages\/33454#wpcf7-f33403-o1\" method=\"post\" class=\"wpcf7-form init\" aria-label=\"Formulaire de contact\" novalidate=\"novalidate\" data-status=\"init\">\n<div style=\"display: none;\">\n<input type=\"hidden\" name=\"_wpcf7\" value=\"33403\" \/>\n<input type=\"hidden\" name=\"_wpcf7_version\" value=\"5.9\" \/>\n<input type=\"hidden\" name=\"_wpcf7_locale\" value=\"fr_FR\" \/>\n<input type=\"hidden\" name=\"_wpcf7_unit_tag\" value=\"wpcf7-f33403-o1\" \/>\n<input type=\"hidden\" name=\"_wpcf7_container_post\" value=\"0\" \/>\n<input type=\"hidden\" name=\"_wpcf7_posted_data_hash\" value=\"\" \/>\n<input type=\"hidden\" name=\"_wpcf7_recaptcha_response\" value=\"\" \/>\n<\/div>\n<p><label> Votre nom<br \/>\n<span class=\"wpcf7-form-control-wrap\" data-name=\"your-name\"><input size=\"40\" class=\"wpcf7-form-control wpcf7-text\" aria-invalid=\"false\" value=\"\" type=\"text\" name=\"your-name\" \/><\/span> <\/label>\n<\/p>\n<p><label> Votre adresse e-mail<br \/>\n<span class=\"wpcf7-form-control-wrap\" data-name=\"your-email\"><input size=\"40\" class=\"wpcf7-form-control wpcf7-email wpcf7-text wpcf7-validates-as-email\" aria-invalid=\"false\" value=\"\" type=\"email\" name=\"your-email\" \/><\/span> <\/label>\n<\/p>\n<p><label> Objet<br \/>\n<span class=\"wpcf7-form-control-wrap\" data-name=\"your-subject\"><input size=\"40\" class=\"wpcf7-form-control wpcf7-text\" aria-invalid=\"false\" value=\"\" type=\"text\" name=\"your-subject\" \/><\/span> <\/label>\n<\/p>\n<p><label> Votre message<br \/>\n<span class=\"wpcf7-form-control-wrap\" data-name=\"your-message\"><textarea cols=\"40\" rows=\"10\" class=\"wpcf7-form-control wpcf7-textarea\" aria-invalid=\"false\" name=\"your-message\"><\/textarea><\/span> <\/label>\n<\/p>\n<p><input class=\"wpcf7-form-control wpcf7-submit has-spinner\" type=\"submit\" value=\"Envoyer\" \/>\n<\/p><p style=\"display: none !important;\" class=\"akismet-fields-container\" data-prefix=\"_wpcf7_ak_\"><label>&#916;<textarea name=\"_wpcf7_ak_hp_textarea\" cols=\"45\" rows=\"8\" maxlength=\"100\"><\/textarea><\/label><input type=\"hidden\" id=\"ak_js_1\" name=\"_wpcf7_ak_js\" value=\"120\"\/><script>document.getElementById( \"ak_js_1\" ).setAttribute( \"value\", ( new Date() ).getTime() );<\/script><\/p><div class=\"wpcf7-response-output\" aria-hidden=\"true\"><\/div>\n<\/form>\n<\/div>\n<\/div>\n\t\t\t\t<\/div>\n\t\t\t\t<\/div>\n\t\t\t\t\t<\/div>\n\t\t<\/div>\n\t\t\t\t\t\t\t<\/div>\n\t\t<\/section>\n\t\t\t\t\t\t\t<\/div>\n\t\t","protected":false},"excerpt":{"rendered":"<p>\u00cates-vous satisfait de notre service et de l\u2019entretien effectu\u00e9 sur votre v\u00e9hicule ? Y a-t-il quelque chose que vous avez toujours voulu nous dire ? Voyez-vous une potentielle am\u00e9lioration ? La direction se r\u00e9jouis de recevoir vos remarques constructives (de mani\u00e8re anonyme ou non).<\/p>\n","protected":false},"author":1,"featured_media":0,"parent":0,"menu_order":0,"comment_status":"closed","ping_status":"closed","template":"","meta":{"inline_featured_image":false,"footnotes":""},"aioseo_notices":[],"_links":{"self":[{"href":"https:\/\/zentrum-garage.ch\/fr\/wp-json\/wp\/v2\/pages\/33454"}],"collection":[{"href":"https:\/\/zentrum-garage.ch\/fr\/wp-json\/wp\/v2\/pages"}],"about":[{"href":"https:\/\/zentrum-garage.ch\/fr\/wp-json\/wp\/v2\/types\/page"}],"author":[{"embeddable":true,"href":"https:\/\/zentrum-garage.ch\/fr\/wp-json\/wp\/v2\/users\/1"}],"replies":[{"embeddable":true,"href":"https:\/\/zentrum-garage.ch\/fr\/wp-json\/wp\/v2\/comments?post=33454"}],"version-history":[{"count":18,"href":"https:\/\/zentrum-garage.ch\/fr\/wp-json\/wp\/v2\/pages\/33454\/revisions"}],"predecessor-version":[{"id":33511,"href":"https:\/\/zentrum-garage.ch\/fr\/wp-json\/wp\/v2\/pages\/33454\/revisions\/33511"}],"wp:attachment":[{"href":"https:\/\/zentrum-garage.ch\/fr\/wp-json\/wp\/v2\/media?parent=33454"}],"curies":[{"name":"wp","href":"https:\/\/api.w.org\/{rel}","templated":true}]}}