{"id":37977,"date":"2023-06-26T05:00:22","date_gmt":"2023-06-26T05:00:22","guid":{"rendered":"https:\/\/zentrum-garage.ch\/feedback-2\/"},"modified":"2023-06-26T05:00:23","modified_gmt":"2023-06-26T05:00:23","slug":"feedback-2","status":"publish","type":"page","link":"https:\/\/zentrum-garage.ch\/fr\/feedback-2\/","title":{"rendered":"Feedback"},"content":{"rendered":"\t\t<div data-elementor-type=\"wp-page\" data-elementor-id=\"37977\" class=\"elementor elementor-37977 elementor-33444\">\n\t\t\t\t\t\t\t\t\t<section class=\"elementor-section elementor-top-section elementor-element elementor-element-149006c5 elementor-section-full_width elementor-section-height-min-height elementor-section-items-top elementor-section-height-default\" data-id=\"149006c5\" data-element_type=\"section\">\n\t\t\t\t\t\t\t<div class=\"elementor-background-overlay\"><\/div>\n\t\t\t\t\t\t\t<div class=\"elementor-container elementor-column-gap-default\">\n\t\t\t\t\t<div class=\"elementor-column elementor-col-100 elementor-top-column elementor-element elementor-element-8931a0\" data-id=\"8931a0\" data-element_type=\"column\">\n\t\t\t<div class=\"elementor-widget-wrap elementor-element-populated\">\n\t\t\t\t\t\t\t\t<div class=\"elementor-element elementor-element-5d2b3a4c elementor-widget elementor-widget-menu-anchor\" data-id=\"5d2b3a4c\" data-element_type=\"widget\" data-widget_type=\"menu-anchor.default\">\n\t\t\t\t<div class=\"elementor-widget-container\">\n\t\t\t\t\t<div id=\"up\" class=\"elementor-menu-anchor\"><\/div>\n\t\t\t\t<\/div>\n\t\t\t\t<\/div>\n\t\t\t\t<div class=\"elementor-element elementor-element-63f7eda5 elementor-widget__width-inherit elementor-widget elementor-widget-image\" data-id=\"63f7eda5\" data-element_type=\"widget\" data-widget_type=\"image.default\">\n\t\t\t\t<div class=\"elementor-widget-container\">\n\t\t\t\t\t\t\t\t\t\t\t\t\t\t\t<img loading=\"lazy\" decoding=\"async\" width=\"1080\" height=\"720\" src=\"https:\/\/zentrum-garage.ch\/wp-content\/uploads\/2022\/02\/Renault_Feedback_Kunden.jpg\" class=\"attachment-full size-full wp-image-34584\" alt=\"Donnez-nous votre avis - par formulaire de contact, par t\u00e9l\u00e9phone ou en personne\" srcset=\"https:\/\/zentrum-garage.ch\/wp-content\/uploads\/2022\/02\/Renault_Feedback_Kunden.jpg 1080w, https:\/\/zentrum-garage.ch\/wp-content\/uploads\/2022\/02\/Renault_Feedback_Kunden-300x200.jpg 300w, https:\/\/zentrum-garage.ch\/wp-content\/uploads\/2022\/02\/Renault_Feedback_Kunden-1024x683.jpg 1024w, https:\/\/zentrum-garage.ch\/wp-content\/uploads\/2022\/02\/Renault_Feedback_Kunden-768x512.jpg 768w, https:\/\/zentrum-garage.ch\/wp-content\/uploads\/2022\/02\/Renault_Feedback_Kunden-830x553.jpg 830w, https:\/\/zentrum-garage.ch\/wp-content\/uploads\/2022\/02\/Renault_Feedback_Kunden-230x153.jpg 230w, https:\/\/zentrum-garage.ch\/wp-content\/uploads\/2022\/02\/Renault_Feedback_Kunden-350x233.jpg 350w, https:\/\/zentrum-garage.ch\/wp-content\/uploads\/2022\/02\/Renault_Feedback_Kunden-480x320.jpg 480w\" sizes=\"(max-width: 1080px) 100vw, 1080px\" \/>\t\t\t\t\t\t\t\t\t\t\t\t\t\t\t<\/div>\n\t\t\t\t<\/div>\n\t\t\t\t\t<\/div>\n\t\t<\/div>\n\t\t\t\t\t\t\t<\/div>\n\t\t<\/section>\n\t\t\t\t<section class=\"elementor-section elementor-top-section elementor-element elementor-element-e561595 elementor-section-boxed elementor-section-height-default elementor-section-height-default\" data-id=\"e561595\" data-element_type=\"section\">\n\t\t\t\t\t\t<div class=\"elementor-container elementor-column-gap-default\">\n\t\t\t\t\t<div class=\"elementor-column elementor-col-100 elementor-top-column elementor-element elementor-element-0fa634c\" data-id=\"0fa634c\" data-element_type=\"column\">\n\t\t\t<div class=\"elementor-widget-wrap elementor-element-populated\">\n\t\t\t\t\t\t\t\t<div class=\"elementor-element elementor-element-14d1501 elementor-widget elementor-widget-heading\" data-id=\"14d1501\" data-element_type=\"widget\" data-widget_type=\"heading.default\">\n\t\t\t\t<div class=\"elementor-widget-container\">\n\t\t\t<h2 class=\"elementor-heading-title elementor-size-default\">Feedback<\/h2>\t\t<\/div>\n\t\t\t\t<\/div>\n\t\t\t\t\t<\/div>\n\t\t<\/div>\n\t\t\t\t\t\t\t<\/div>\n\t\t<\/section>\n\t\t\t\t<section class=\"elementor-section elementor-top-section elementor-element elementor-element-7898bc1 elementor-section-boxed elementor-section-height-default elementor-section-height-default\" data-id=\"7898bc1\" data-element_type=\"section\">\n\t\t\t\t\t\t<div class=\"elementor-container elementor-column-gap-default\">\n\t\t\t\t\t<div class=\"elementor-column elementor-col-100 elementor-top-column elementor-element elementor-element-5f28dad\" data-id=\"5f28dad\" data-element_type=\"column\">\n\t\t\t<div class=\"elementor-widget-wrap elementor-element-populated\">\n\t\t\t\t\t\t\t\t<div class=\"elementor-element elementor-element-29f4673 elementor-widget elementor-widget-text-editor\" data-id=\"29f4673\" data-element_type=\"widget\" data-widget_type=\"text-editor.default\">\n\t\t\t\t<div class=\"elementor-widget-container\">\n\t\t\t\t\t\t\t<p>\u00cates-vous satisfait\u00b7e de notre prestation et de notre service ? Y a-t-il quelque chose que vous avez toujours voulu nous dire, voyez-vous un potentiel d&rsquo;am\u00e9lioration ?<br \/>\nLa direction accepte volontiers votre feedback constructif (m\u00eame de mani\u00e8re anonyme). Merci beaucoup !<\/p>\n\t\t\t\t\t\t<\/div>\n\t\t\t\t<\/div>\n\t\t\t\t<div class=\"elementor-element elementor-element-b73bcd9 elementor-widget elementor-widget-shortcode\" data-id=\"b73bcd9\" data-element_type=\"widget\" data-widget_type=\"shortcode.default\">\n\t\t\t\t<div class=\"elementor-widget-container\">\n\t\t\t\t\t<div class=\"elementor-shortcode\">\n<div class=\"wpcf7 no-js\" id=\"wpcf7-f37976-o1\" lang=\"fr-FR\" dir=\"ltr\">\n<div class=\"screen-reader-response\"><p role=\"status\" aria-live=\"polite\" aria-atomic=\"true\"><\/p> <ul><\/ul><\/div>\n<form action=\"\/fr\/wp-json\/wp\/v2\/pages\/37977#wpcf7-f37976-o1\" method=\"post\" class=\"wpcf7-form init\" aria-label=\"Formulaire de contact\" novalidate=\"novalidate\" data-status=\"init\">\n<div style=\"display: none;\">\n<input type=\"hidden\" name=\"_wpcf7\" value=\"37976\" \/>\n<input type=\"hidden\" name=\"_wpcf7_version\" value=\"5.9\" \/>\n<input type=\"hidden\" name=\"_wpcf7_locale\" value=\"fr_FR\" \/>\n<input type=\"hidden\" name=\"_wpcf7_unit_tag\" value=\"wpcf7-f37976-o1\" \/>\n<input type=\"hidden\" name=\"_wpcf7_container_post\" value=\"0\" \/>\n<input type=\"hidden\" name=\"_wpcf7_posted_data_hash\" value=\"\" \/>\n<input type=\"hidden\" name=\"_wpcf7_recaptcha_response\" value=\"\" \/>\n<\/div>\n<p><label> Votre nom<br \/>\n<span class=\"wpcf7-form-control-wrap\" data-name=\"your-name\"><input size=\"40\" class=\"wpcf7-form-control wpcf7-text\" aria-invalid=\"false\" value=\"\" type=\"text\" name=\"your-name\" \/><\/span> <\/label>\n<\/p>\n<p><label> Votre adresse E-Mail<br \/>\n<span class=\"wpcf7-form-control-wrap\" data-name=\"your-email\"><input size=\"40\" class=\"wpcf7-form-control wpcf7-email wpcf7-text wpcf7-validates-as-email\" aria-invalid=\"false\" value=\"\" type=\"email\" name=\"your-email\" \/><\/span> <\/label>\n<\/p>\n<p><label> Concerne<br \/>\n<span class=\"wpcf7-form-control-wrap\" data-name=\"your-subject\"><input size=\"40\" class=\"wpcf7-form-control wpcf7-text\" aria-invalid=\"false\" value=\"\" type=\"text\" name=\"your-subject\" \/><\/span> <\/label>\n<\/p>\n<p><label> Votre message<br \/>\n<span class=\"wpcf7-form-control-wrap\" data-name=\"your-message\"><textarea cols=\"40\" rows=\"10\" class=\"wpcf7-form-control wpcf7-textarea\" aria-invalid=\"false\" name=\"your-message\"><\/textarea><\/span> <\/label>\n<\/p>\n<p><input class=\"wpcf7-form-control wpcf7-submit has-spinner\" type=\"submit\" value=\"Envoyer\" \/>\n<\/p><p style=\"display: none !important;\" class=\"akismet-fields-container\" data-prefix=\"_wpcf7_ak_\"><label>&#916;<textarea name=\"_wpcf7_ak_hp_textarea\" cols=\"45\" rows=\"8\" maxlength=\"100\"><\/textarea><\/label><input type=\"hidden\" id=\"ak_js_1\" name=\"_wpcf7_ak_js\" value=\"165\"\/><script>document.getElementById( \"ak_js_1\" ).setAttribute( \"value\", ( new Date() ).getTime() );<\/script><\/p><div class=\"wpcf7-response-output\" aria-hidden=\"true\"><\/div>\n<\/form>\n<\/div>\n<\/div>\n\t\t\t\t<\/div>\n\t\t\t\t<\/div>\n\t\t\t\t\t<\/div>\n\t\t<\/div>\n\t\t\t\t\t\t\t<\/div>\n\t\t<\/section>\n\t\t\t\t<section class=\"elementor-section elementor-top-section elementor-element elementor-element-c6389bf elementor-section-boxed elementor-section-height-default elementor-section-height-default\" data-id=\"c6389bf\" data-element_type=\"section\">\n\t\t\t\t\t\t<div class=\"elementor-container elementor-column-gap-default\">\n\t\t\t\t\t<div class=\"elementor-column elementor-col-100 elementor-top-column elementor-element elementor-element-8b9de90\" data-id=\"8b9de90\" data-element_type=\"column\">\n\t\t\t<div class=\"elementor-widget-wrap elementor-element-populated\">\n\t\t\t\t\t\t\t\t<div class=\"elementor-element elementor-element-4d7f182 elementor-widget elementor-widget-shortcode\" data-id=\"4d7f182\" data-element_type=\"widget\" data-widget_type=\"shortcode.default\">\n\t\t\t\t<div class=\"elementor-widget-container\">\n\t\t\t\t\t<div class=\"elementor-shortcode\"><\/div>\n\t\t\t\t<\/div>\n\t\t\t\t<\/div>\n\t\t\t\t\t<\/div>\n\t\t<\/div>\n\t\t\t\t\t\t\t<\/div>\n\t\t<\/section>\n\t\t\t\t<section class=\"elementor-section elementor-top-section elementor-element elementor-element-1f89c24f elementor-section-boxed elementor-section-height-default elementor-section-height-default\" data-id=\"1f89c24f\" data-element_type=\"section\">\n\t\t\t\t\t\t<div class=\"elementor-container elementor-column-gap-default\">\n\t\t\t\t\t<div class=\"elementor-column elementor-col-100 elementor-top-column elementor-element elementor-element-66d539bf\" data-id=\"66d539bf\" data-element_type=\"column\">\n\t\t\t<div class=\"elementor-widget-wrap elementor-element-populated\">\n\t\t\t\t\t\t\t\t<div class=\"elementor-element elementor-element-5f1ca4ff elementor-view-default elementor-widget elementor-widget-icon\" data-id=\"5f1ca4ff\" data-element_type=\"widget\" data-widget_type=\"icon.default\">\n\t\t\t\t<div class=\"elementor-widget-container\">\n\t\t\t\t\t<div class=\"elementor-icon-wrapper\">\n\t\t\t<a class=\"elementor-icon\" href=\"#up\">\n\t\t\t<i aria-hidden=\"true\" class=\"fas fa-arrow-up\"><\/i>\t\t\t<\/a>\n\t\t<\/div>\n\t\t\t\t<\/div>\n\t\t\t\t<\/div>\n\t\t\t\t\t<\/div>\n\t\t<\/div>\n\t\t\t\t\t\t\t<\/div>\n\t\t<\/section>\n\t\t\t\t\t\t\t<\/div>\n\t\t","protected":false},"excerpt":{"rendered":"<p>Feedback \u00cates-vous satisfait\u00b7e de notre prestation et de notre service ? Y a-t-il quelque chose que vous avez toujours voulu nous dire, voyez-vous un potentiel d&rsquo;am\u00e9lioration ? La direction accepte volontiers votre feedback constructif (m\u00eame de mani\u00e8re anonyme). Merci beaucoup !<\/p>\n","protected":false},"author":1,"featured_media":0,"parent":0,"menu_order":0,"comment_status":"closed","ping_status":"closed","template":"elementor_header_footer","meta":{"inline_featured_image":false,"footnotes":""},"aioseo_notices":[],"_links":{"self":[{"href":"https:\/\/zentrum-garage.ch\/fr\/wp-json\/wp\/v2\/pages\/37977"}],"collection":[{"href":"https:\/\/zentrum-garage.ch\/fr\/wp-json\/wp\/v2\/pages"}],"about":[{"href":"https:\/\/zentrum-garage.ch\/fr\/wp-json\/wp\/v2\/types\/page"}],"author":[{"embeddable":true,"href":"https:\/\/zentrum-garage.ch\/fr\/wp-json\/wp\/v2\/users\/1"}],"replies":[{"embeddable":true,"href":"https:\/\/zentrum-garage.ch\/fr\/wp-json\/wp\/v2\/comments?post=37977"}],"version-history":[{"count":1,"href":"https:\/\/zentrum-garage.ch\/fr\/wp-json\/wp\/v2\/pages\/37977\/revisions"}],"predecessor-version":[{"id":37978,"href":"https:\/\/zentrum-garage.ch\/fr\/wp-json\/wp\/v2\/pages\/37977\/revisions\/37978"}],"wp:attachment":[{"href":"https:\/\/zentrum-garage.ch\/fr\/wp-json\/wp\/v2\/media?parent=37977"}],"curies":[{"name":"wp","href":"https:\/\/api.w.org\/{rel}","templated":true}]}}